{"id":224,"date":"2009-12-21T16:07:23","date_gmt":"2009-12-21T15:07:23","guid":{"rendered":"http:\/\/www.karinfelbermayr.net\/?page_id=224"},"modified":"2024-06-14T19:05:57","modified_gmt":"2024-06-14T18:05:57","slug":"kontakt","status":"publish","type":"page","link":"https:\/\/www.capitana-f.net\/en\/kontakt\/","title":{"rendered":"Contact"},"content":{"rendered":"<p><a href=\"mailto:info@capitana-f.net\">info@capitana-f.net<\/a><\/p>\n<p>Capitana F<br \/><del><\/del><\/p>\n<p><img loading=\"lazy\" class=\"alignnone size-full wp-image-4700\" src=\"http:\/\/www.capitana-f.net\/wp-content\/uploads\/Capitana-F_portrait_Foto-FER.jpg\" alt=\"\" width=\"500\" height=\"375\" srcset=\"https:\/\/www.capitana-f.net\/wp-content\/uploads\/Capitana-F_portrait_Foto-FER.jpg 500w, https:\/\/www.capitana-f.net\/wp-content\/uploads\/Capitana-F_portrait_Foto-FER-150x113.jpg 150w\" sizes=\"(max-width: 500px) 100vw, 500px\" \/><br \/>Portrait of Capitana F, Berlin 2018, Photo: FER<\/p>\n<p>\u00a0<\/p>\n<p><strong>Imprint<\/strong><\/p>\n<p>Karin Rakuschan aka Capitana F<br \/>Visual Artist<br \/>Based in Vienna, Austria.<br \/>Business name: Rakuschan Karin<br \/>VAT number: ATU 75409639<\/p>\n<p>Membership in the <a href=\"https:\/\/igbildendekunst.at\/en\/home\/\" target=\"_blank\" rel=\"noopener\">IG Bildende Kunst<\/a>, Vienna, AT.<br \/>Membership in the <a href=\"https:\/\/www.bbk-berlin.de\/en\" target=\"_blank\" rel=\"noopener\">bbk berlin<\/a>, Berlin, DE.<\/p>\n<p>Although great care has been taken with the content of this website, no responsibility can be assumed for the contents of external links. The operators of the linked sites are solely responsible for their contents.<\/p>\n<p>Webmaster <a title=\"Zur Website des Webmaster\" href=\"http:\/\/www.huinink.de\" target=\"_blank\" rel=\"noopener\">G\u00fcnther Huinink<\/a><\/p>\n<p>Englische \u00dcbersetzung <a href=\"http:\/\/www.annrobertson.de\" target=\"_blank\" rel=\"noopener\">Ann Robertson<\/a><\/p>\n<p>\u00a0<\/p>\n<p><strong>Copyright<\/strong><\/p>\n<p>\u00a9 for Capitana F by <a href=\"https:\/\/www.bildkunst.de\/en\/homepage\">VG Bild-Kunst<\/a>, Bonn, Germany<br \/>\u00a9 for Karin Rakuschan by <a href=\"https:\/\/www.bildkunst.de\/en\/homepage\">VG Bild-Kunst<\/a>, Bonn, Germany<br \/>\u00a9 for Karin Felbermayr by<a href=\"https:\/\/www.bildkunst.de\/en\/homepage\"> VG Bild-Kunst<\/a>, Bonn, Germany<\/p>\n<p>The content and works published on this website are governed by the copyright laws.<br \/>Any duplication, processing, distribution or any form of utilisation beyond the scope of copyright law shall require the prior written consent of the author or authors in question.<\/p>\n<p>\u00a0<\/p>\n<p><strong><big>Privacy Policy<\/big><\/strong><\/p>\n<p><strong>Allgemeiner Hinweis und Pflichtinformationen<\/strong><\/p>\n<p><strong>Benennung der verantwortlichen Stelle<\/strong><\/p>\n<p>Die verantwortliche Stelle f\u00fcr die Datenverarbeitung auf dieser Website ist:<\/p>\n<p><span id=\"s3-t-ansprechpartner\">Karin Rakuschan aka Capitana F<br \/>Visual Artist<br \/>B<\/span><span id=\"s3-t-ansprechpartner\">ased in Vienna, Austria.<\/span><br \/><span id=\"s3-t-ort\"><\/span><\/p>\n<p>\u00a0<\/p>\n<p>Die verantwortliche Stelle entscheidet allein oder gemeinsam mit anderen \u00fcber die Zwecke und Mittel der Verarbeitung von personenbezogenen Daten (z.B. Namen, Kontaktdaten o. \u00c4.).<\/p>\n<p><strong>No Google Analytics<\/strong><\/p>\n<p><strong>No Matomo<\/strong><\/p>\n<p><strong>No Facebook<\/strong><\/p>\n<p><strong>No Instagram<\/strong><\/p>\n<p><strong>No Youtube<\/strong><\/p>\n<p><strong>No Xing<\/strong><\/p>\n<p><strong>No Twitter<\/strong><\/p>\n<p><strong>No Pinterest<\/strong><\/p>\n<p><strong>No Google AdWords including Conversion Tracking<\/strong><\/p>\n<p><strong>No Google Adsense<\/strong><\/p>\n<p><strong>No Amazon affiliate program<\/strong><\/p>\n<p><strong>No Google Web Fonts<\/strong><\/p>\n<p><strong>Widerruf Ihrer Einwilligung zur Datenverarbeitung<\/strong><\/p>\n<p>Nur mit Ihrer ausdr\u00fccklichen Einwilligung sind einige Vorg\u00e4nge der Datenverarbeitung m\u00f6glich. Ein Widerruf Ihrer bereits erteilten Einwilligung ist jederzeit m\u00f6glich. F\u00fcr den Widerruf gen\u00fcgt eine formlose Mitteilung per E-Mail. Die Rechtm\u00e4\u00dfigkeit der bis zum Widerruf erfolgten Datenverarbeitung bleibt vom Widerruf unber\u00fchrt.<\/p>\n<p><strong>Recht auf Beschwerde bei der zust\u00e4ndigen Aufsichtsbeh\u00f6rde<\/strong><\/p>\n<p>Als Betroffener steht Ihnen im Falle eines datenschutzrechtlichen Versto\u00dfes ein Beschwerderecht bei der zust\u00e4ndigen Aufsichtsbeh\u00f6rde zu. Zust\u00e4ndige Aufsichtsbeh\u00f6rde bez\u00fcglich datenschutzrechtlicher Fragen ist der Landesdatenschutzbeauftragte des Bundeslandes, in dem sich der Sitz unseres Unternehmens befindet. Der folgende Link stellt eine Liste der Datenschutzbeauftragten sowie deren Kontaktdaten bereit: <a href=\"https:\/\/www.bfdi.bund.de\/DE\/Infothek\/Anschriften_Links\/anschriften_links-node.html\" target=\"_blank\" rel=\"noopener\">https:\/\/www.bfdi.bund.de\/DE\/Infothek\/Anschriften_Links\/anschriften_links-node.html<\/a>.<\/p>\n<p><strong>Recht auf Daten\u00fcbertragbarkeit<\/strong><\/p>\n<p>Ihnen steht das Recht zu, Daten, die wir auf Grundlage Ihrer Einwilligung oder in Erf\u00fcllung eines Vertrags automatisiert verarbeiten, an sich oder an Dritte aush\u00e4ndigen zu lassen. Die Bereitstellung erfolgt in einem maschinenlesbaren Format. Sofern Sie die direkte \u00dcbertragung der Daten an einen anderen Verantwortlichen verlangen, erfolgt dies nur, soweit es technisch machbar ist.<\/p>\n<p><strong>Recht auf Auskunft, Berichtigung, Sperrung, L\u00f6schung<\/strong><\/p>\n<p>Sie haben jederzeit im Rahmen der geltenden gesetzlichen Bestimmungen das Recht auf unentgeltliche Auskunft \u00fcber Ihre gespeicherten personenbezogenen Daten, Herkunft der Daten, deren Empf\u00e4nger und den Zweck der Datenverarbeitung und ggf. ein Recht auf Berichtigung, Sperrung oder L\u00f6schung dieser Daten. Diesbez\u00fcglich und auch zu weiteren Fragen zum Thema personenbezogene Daten k\u00f6nnen Sie sich jederzeit \u00fcber die im Impressum aufgef\u00fchrten Kontaktm\u00f6glichkeiten an uns wenden.<\/p>\n<p><strong>Server-Log-Dateien<\/strong><\/p>\n<p>In Server-Log-Dateien erhebt und speichert der Provider der Website automatisch Informationen, die Ihr Browser automatisch an uns \u00fcbermittelt. Dies sind:<\/p>\n<ul>\n<li>Besuchte Seite auf unserer Domain<\/li>\n<li>Datum und Uhrzeit der Serveranfrage<\/li>\n<li>Browsertyp und Browserversion<\/li>\n<li>Verwendetes Betriebssystem<\/li>\n<li>Referrer URL<\/li>\n<li>Hostname des zugreifenden Rechners<\/li>\n<li>IP-Adresse<\/li>\n<\/ul>\n<p>Es findet keine Zusammenf\u00fchrung dieser Daten mit anderen Datenquellen statt. Grundlage der Datenverarbeitung bildet Art. 6 Abs. 1 lit. b DSGVO, der die Verarbeitung von Daten zur Erf\u00fcllung eines Vertrags oder vorvertraglicher Ma\u00dfnahmen gestattet.<\/p>\n<p><strong>Vimeo<\/strong><\/p>\n<p>F\u00fcr Integration und Darstellung von Videoinhalten nutzt unsere Website Plugins von Vimeo. Anbieter des Videoportals ist die Vimeo Inc., 555 West 18th Street, New York, New York 10011, USA.<\/p>\n<p>Bei Aufruf einer Seite mit integriertem Vimeo-Plugin wird eine Verbindung zu den Servern von Vimeo hergestellt. Vimeo erf\u00e4hrt hierdurch, welche unserer Seiten Sie aufgerufen haben. Vimeo erf\u00e4hrt Ihre IP-Adresse, selbst wenn Sie nicht beim Videoportal eingeloggt sind oder dort kein Konto besitzen. Es erfolgt eine \u00dcbermittlung der von Vimeo erfassten Informationen an Server des Videoportals in den USA.<\/p>\n<p>Vimeo kann Ihr Surfverhalten direkt Ihrem pers\u00f6nlichen Profil zuordnen. Durch vorheriges Ausloggen haben Sie die M\u00f6glichkeit, dies zu unterbinden.<\/p>\n<p>Einzelheiten zum Umgang mit Nutzerdaten finden Sie in der Datenschutzerkl\u00e4rung von Vimeo unter: <a href=\"https:\/\/vimeo.com\/privacy\">https:\/\/vimeo.com\/privacy<\/a>.<\/p>\n<p><strong>Cookies<\/strong><\/p>\n<p>Unsere Website verwendet Cookies. Das sind kleine Textdateien, die Ihr Webbrowser auf Ihrem Endger\u00e4t speichert. Cookies helfen uns dabei, unser Angebot nutzerfreundlicher, effektiver und sicherer zu machen.<\/p>\n<p>Einige Cookies sind \u201cSession-Cookies.\u201d Solche Cookies werden nach Ende Ihrer Browser-Sitzung von selbst gel\u00f6scht. Hingegen bleiben andere Cookies auf Ihrem Endger\u00e4t bestehen, bis Sie diese selbst l\u00f6schen. Solche Cookies helfen uns, Sie bei R\u00fcckkehr auf<br \/>unserer Website wiederzuerkennen.<\/p>\n<p>Mit einem modernen Webbrowser k\u00f6nnen Sie das Setzen von Cookies \u00fcberwachen, einschr\u00e4nken oder unterbinden. Viele Webbrowser lassen sich so konfigurieren, dass Cookies mit dem Schlie\u00dfen des Programms von selbst gel\u00f6scht werden. Die Deaktivierung von Cookies<br \/>kann eine eingeschr\u00e4nkte Funktionalit\u00e4t unserer Website zur Folge haben.<\/p>\n<p>Das Setzen von Cookies, die zur Aus\u00fcbung elektronischer Kommunikationsvorg\u00e4nge oder der Bereitstellung bestimmter, von Ihnen erw\u00fcnschter Funktionen (z.B. Warenkorb) notwendig sind, erfolgt auf Grundlage von Art. 6 Abs. 1 lit. f DSGVO. Als Betreiber dieser<br \/>Website haben wir ein berechtigtes Interesse an der Speicherung von Cookies zur technisch fehlerfreien und reibungslosen Bereitstellung unserer Dienste. Sofern die Setzung anderer Cookies (z.B. f\u00fcr Analyse-Funktionen) erfolgt, werden diese in dieser<br \/>Datenschutzerkl\u00e4rung separat behandelt.<\/p>\n<p><small>Quelle: Datenschutz-Konfigurator von <a href=\"http:\/\/www.mein-datenschutzbeauftragter.de\" target=\"_blank\" rel=\"noopener\">mein-datenschutzbeauftragter.de<\/a><\/small><\/p>\n\n\n<p><\/p>","protected":false},"excerpt":{"rendered":"<p>info@capitana-f.net Capitana F Portrait of Capitana F, Berlin 2018, Photo: FER \u00a0 Imprint Karin Rakuschan aka Capitana FVisual ArtistBased in Vienna, Austria.Business name: Rakuschan KarinVAT number: ATU 75409639 Membership in the IG Bildende Kunst, Vienna, AT.Membership in the bbk berlin, Berlin, DE. Although great care has been taken with the content of this website, no [&hellip;]<\/p>\n","protected":false},"author":2,"featured_media":0,"parent":0,"menu_order":4,"comment_status":"closed","ping_status":"closed","template":"","meta":[],"_links":{"self":[{"href":"https:\/\/www.capitana-f.net\/en\/wp-json\/wp\/v2\/pages\/224"}],"collection":[{"href":"https:\/\/www.capitana-f.net\/en\/wp-json\/wp\/v2\/pages"}],"about":[{"href":"https:\/\/www.capitana-f.net\/en\/wp-json\/wp\/v2\/types\/page"}],"author":[{"embeddable":true,"href":"https:\/\/www.capitana-f.net\/en\/wp-json\/wp\/v2\/users\/2"}],"replies":[{"embeddable":true,"href":"https:\/\/www.capitana-f.net\/en\/wp-json\/wp\/v2\/comments?post=224"}],"version-history":[{"count":113,"href":"https:\/\/www.capitana-f.net\/en\/wp-json\/wp\/v2\/pages\/224\/revisions"}],"predecessor-version":[{"id":5648,"href":"https:\/\/www.capitana-f.net\/en\/wp-json\/wp\/v2\/pages\/224\/revisions\/5648"}],"wp:attachment":[{"href":"https:\/\/www.capitana-f.net\/en\/wp-json\/wp\/v2\/media?parent=224"}],"curies":[{"name":"wp","href":"https:\/\/api.w.org\/{rel}","templated":true}]}}