{"id":211,"date":"2009-12-21T15:45:33","date_gmt":"2009-12-21T14:45:33","guid":{"rendered":"http:\/\/www.karinfelbermayr.net\/?page_id=211"},"modified":"2025-01-17T13:08:02","modified_gmt":"2025-01-17T12:08:02","slug":"publikationen","status":"publish","type":"page","link":"https:\/\/www.capitana-f.net\/en\/publikationen\/","title":{"rendered":"Publications"},"content":{"rendered":"<p><\/p>\n<p><strong>Individual exhibition catalogues<\/strong><\/p>\n<p>Karin Felbermayr: <strong><em><a href=\"http:\/\/www.verbrecherverlag.de\/buch\/252\" target=\"_blank\" rel=\"noopener\">Performative Elements<\/a><\/em><\/strong>, Verbrecher Verlag, Berlin 2007,<br \/>\nwith contributions by Sabeth Buchmann and <a href=\"http:\/\/ferakuschan.at\/\" target=\"_blank\" rel=\"noopener\">F.E. Rakuschan<\/a>,<br \/>\nISBN 978-3-935843-98-0, Grafic design: Sarah Lamparter.<br \/>\n<img loading=\"lazy\" class=\"alignnone size-thumbnail wp-image-214\" title=\"Performative Elements\" src=\"http:\/\/www.capitana-f.net\/wp-content\/uploads\/PE-cover-web-110x150.jpg\" alt=\"Performative Elements\" width=\"110\" height=\"150\" srcset=\"https:\/\/www.capitana-f.net\/wp-content\/uploads\/PE-cover-web-110x150.jpg 110w, https:\/\/www.capitana-f.net\/wp-content\/uploads\/PE-cover-web-352x480.jpg 352w, https:\/\/www.capitana-f.net\/wp-content\/uploads\/PE-cover-web.jpg 367w\" sizes=\"(max-width: 110px) 100vw, 110px\" \/><\/p>\n<p>Karin Felbermayr: <strong><em><a href=\"http:\/\/www.verbrecherverlag.de\/buch\/189\" target=\"_blank\" rel=\"noopener\">Stereotype as a Masquerade<\/a><\/em><\/strong>, Verbrecher Verlag, Berlin 2006,<br \/>\nwith contributions by Michael Meuser and Yanping Wu,<br \/>\nISBN 978-3-935843-78-2, Grafic design: Sarah Lamparter.<br \/>\n<img loading=\"lazy\" class=\"alignnone size-thumbnail wp-image-213\" title=\"Stereotype as a Masquerade\" src=\"http:\/\/www.capitana-f.net\/wp-content\/uploads\/stereotype-cover-web-110x150.jpg\" alt=\"Stereotype as a Masquerade\" width=\"110\" height=\"150\" srcset=\"https:\/\/www.capitana-f.net\/wp-content\/uploads\/stereotype-cover-web-110x150.jpg 110w, https:\/\/www.capitana-f.net\/wp-content\/uploads\/stereotype-cover-web-353x480.jpg 353w, https:\/\/www.capitana-f.net\/wp-content\/uploads\/stereotype-cover-web.jpg 368w\" sizes=\"(max-width: 110px) 100vw, 110px\" \/><\/p>\n<p><strong>Group exhibition catalogues \/ contributions in publications<\/strong><\/p>\n<p><strong><em>101 Contemporary artists and more&#8230; <\/em><\/strong>\/ Volume 8, Collect Art, Tbilisi, Georgia, 2024.<em><br \/>\n<\/em><a href=\"https:\/\/www.scribd.com\/document\/810187875\/101-Contemporary-Artists-and-more\" target=\"_blank\" rel=\"noopener\">Read<\/a> \u00a0 \/ \u00a0\u00a0<a href=\"https:\/\/www.collectartwork.org\/post\/101-contemporary-artists-and-more-volume-8\" target=\"_blank\" rel=\"noopener\">Share<\/a> \u00a0 \/ \u00a0 <a href=\"https:\/\/www.peecho.com\/print\/en\/1759339\" target=\"_blank\" rel=\"noopener\">Order<\/a><\/p>\n<p><strong>Collect Art, Special Edition of the magazine \u2018Winter Issue\u2019 \/Volume 56<\/strong>, Tbilisi, Georgia, 2024.<br \/>\n<a href=\"https:\/\/www.scribd.com\/document\/798470735\/Winter-Issue\" target=\"_blank\" rel=\"noopener\">Read<\/a>\u00a0 \/ \u00a0\u00a0<a href=\"https:\/\/www.collectartwork.org\/post\/winter-issue-seasonal-edition\" target=\"_blank\" rel=\"noopener\">Share<\/a> \u00a0 \/\u00a0\u00a0 <a href=\"https:\/\/www.peecho.com\/print\/en\/1723361\" target=\"_blank\" rel=\"noopener\">Order<\/a><br \/>\n<a href=\"https:\/\/www.collectartwork.org\/post\/capitana-f--winter-issue\" target=\"_blank\" rel=\"noopener\">Collect Art, Winter Issue<\/a><\/p>\n<p><em><strong>GIORGIO SADOTTI A A TO T V (CLADINORO)<\/strong><\/em>, London, 2022.<br \/>\n<a href=\"https:\/\/cdn.sanity.io\/files\/1g1gh8uz\/production\/c6d990d349f37fa8e9c259d815e1061e55d9cf51.pdf\" target=\"_blank\" rel=\"noopener\">PDF<\/a><\/p>\n<p><em><strong>5th Biennial Inkmasters Print Exhibition 2021<\/strong><\/em>, Ink Masters Cairns, Cairns, Australia, 2021.<\/p>\n<p><em><strong>The Fourth International PrintMaking Biennial 2020<\/strong><\/em>, Cacak, Serbia, 2020, ISBN 978-86-900635-2-9.<\/p>\n<p><em><strong>20th Japan Media Arts Festival<\/strong><\/em>, Tokyo 2017.<\/p>\n<p><em><strong>WERTE_GEMEINSCHAFT<\/strong><\/em>, Galerie Schwartzsche Villa, Bezirksamt Steglitz-Zehlendorf von Berlin, Berlin 2017.<\/p>\n<p><em><strong>Bellevue-Saal 2014-2015<\/strong><\/em>, Ulrich Meyer-Husmann, Kunstverein Bellevue-Saal, Wiesbaden, 2016, ISBN 978-3-939236-24-5.<\/p>\n<p><em><strong>3rd Biennal Inkmasters Print Exhibition 2016<\/strong><\/em>, Ink Masters Cairns, Cairns, AU, 2016, ISBN 978-0-646-95854-5.<\/p>\n<p><em><a href=\"http:\/\/www.digitalmarrakech.org\/DMENGLISProgram.pdf\" target=\"_blank\" rel=\"noopener\"><strong>Digital Marrakech Festival Edition 4<\/strong><\/a><\/em><a href=\"http:\/\/www.digitalmarrakech.org\/DMENGLISProgram.pdf\" target=\"_blank\" rel=\"noopener\">, 2014, S. 42.<\/a><\/p>\n<p><em><a href=\"https:\/\/issuu.com\/medrar\/docs\/5th_cvf_catalog\" target=\"_blank\" rel=\"noopener\"><strong>5th Cairo Video Festival<\/strong><\/a><\/em><a href=\"https:\/\/issuu.com\/medrar\/docs\/5th_cvf_catalog\" target=\"_blank\" rel=\"noopener\">, 2014, S. 210-211.<\/a><\/p>\n<p><a href=\"https:\/\/issuu.com\/massmoca\/docs\/oneminutefilmfestival\/4\" target=\"_blank\" rel=\"noopener\"><em><strong>The One Minute Film Festival 2003-2012<\/strong><\/em><\/a>, MASS MoCA, <time datetime=\"2013-04-24T00:00:00.000Z\">Apr 24, 2013<\/time>.<\/p>\n<p><em><a href=\"http:\/\/www.pixxelpoint.org\/2011\/katalog.pdf\" target=\"_blank\" rel=\"noopener\"><strong>Pixxelpoint 2011 \u2013 12th International New Media Art Festival<\/strong><\/a><\/em>, Kulturni dom Nova Gorica, Nova Gorica, SI, 2011, ISBN 978-961-6783-09-5, S. 36-37.<\/p>\n<p><em><strong>OK. Video FLESH, 5th Jakarta International Video Festival 2011<\/strong><\/em>, National Gallery of Indonesia, Jakarta, ID, 2011, PDF S.21<\/p>\n<p>Karin Felbermayr: <em>embaixadora-ambassadress-botschafterin<\/em>. In: Thomas Ender, <em><strong>Abre Alas<\/strong><\/em>, \u00d6sterreichisches Kulturforum Berlin, Berlin 2007,<br \/>\nISBN 978-3-9502417-4-7.<br \/>\n<img loading=\"lazy\" class=\"alignnone size-thumbnail wp-image-534\" title=\"Felbermayr-embaixadora-tag07-bild1\" src=\"http:\/\/www.capitana-f.net\/wp-content\/uploads\/Felbermayr-embaixadora-tag07-bild1-101x150.jpg\" alt=\"Felbermayr-embaixadora-tag07-bild1\" width=\"101\" height=\"150\" srcset=\"https:\/\/www.capitana-f.net\/wp-content\/uploads\/Felbermayr-embaixadora-tag07-bild1-101x150.jpg 101w, https:\/\/www.capitana-f.net\/wp-content\/uploads\/Felbermayr-embaixadora-tag07-bild1-323x480.jpg 323w, https:\/\/www.capitana-f.net\/wp-content\/uploads\/Felbermayr-embaixadora-tag07-bild1.jpg 382w\" sizes=\"(max-width: 101px) 100vw, 101px\" \/><\/p>\n<p><em> <strong>26\u00aa Bienal de S\u00e3o Paulo<\/strong><\/em>, Funda\u00e7\u00e3o Bienal de S\u00e3o Paulo, S\u00e3o Paulo, Brasil, 2004.<\/p>\n<p>Karin Felbermayr: <em>OP<\/em>. In: Vorstand der Berlin-Brandenburgischen Akademie der Wissenschaften, <em><strong>Zwischen Kassandra und Prometheus<\/strong><\/em>, Gegenworte N\u00b0 10, Berlin, autumn 2002.<br \/>\n<img loading=\"lazy\" class=\"alignnone size-thumbnail wp-image-589\" title=\"felbermayr OP\" src=\"http:\/\/www.capitana-f.net\/wp-content\/uploads\/felbermayr5b-101x150.jpg\" alt=\"felbermayr OP\" width=\"101\" height=\"150\" srcset=\"https:\/\/www.capitana-f.net\/wp-content\/uploads\/felbermayr5b-101x150.jpg 101w, https:\/\/www.capitana-f.net\/wp-content\/uploads\/felbermayr5b.jpg 134w\" sizes=\"(max-width: 101px) 100vw, 101px\" \/><\/p>\n<p><em><strong>Weldekunstpreis 2000<\/strong><\/em>, Kunstverein Schwetzingen, Schwetzingen, 2000.<\/p>\n<p><\/p>","protected":false},"excerpt":{"rendered":"<p>Individual exhibition catalogues Karin Felbermayr: Performative Elements, Verbrecher Verlag, Berlin 2007, with contributions by Sabeth Buchmann and F.E. Rakuschan, ISBN 978-3-935843-98-0, Grafic design: Sarah Lamparter. Karin Felbermayr: Stereotype as a Masquerade, Verbrecher Verlag, Berlin 2006, with contributions by Michael Meuser and Yanping Wu, ISBN 978-3-935843-78-2, Grafic design: Sarah Lamparter. Group exhibition catalogues \/ contributions in [&hellip;]<\/p>\n","protected":false},"author":2,"featured_media":0,"parent":0,"menu_order":0,"comment_status":"closed","ping_status":"closed","template":"","meta":[],"_links":{"self":[{"href":"https:\/\/www.capitana-f.net\/en\/wp-json\/wp\/v2\/pages\/211"}],"collection":[{"href":"https:\/\/www.capitana-f.net\/en\/wp-json\/wp\/v2\/pages"}],"about":[{"href":"https:\/\/www.capitana-f.net\/en\/wp-json\/wp\/v2\/types\/page"}],"author":[{"embeddable":true,"href":"https:\/\/www.capitana-f.net\/en\/wp-json\/wp\/v2\/users\/2"}],"replies":[{"embeddable":true,"href":"https:\/\/www.capitana-f.net\/en\/wp-json\/wp\/v2\/comments?post=211"}],"version-history":[{"count":182,"href":"https:\/\/www.capitana-f.net\/en\/wp-json\/wp\/v2\/pages\/211\/revisions"}],"predecessor-version":[{"id":5784,"href":"https:\/\/www.capitana-f.net\/en\/wp-json\/wp\/v2\/pages\/211\/revisions\/5784"}],"wp:attachment":[{"href":"https:\/\/www.capitana-f.net\/en\/wp-json\/wp\/v2\/media?parent=211"}],"curies":[{"name":"wp","href":"https:\/\/api.w.org\/{rel}","templated":true}]}}